{"id":46,"date":"2020-03-31T00:28:35","date_gmt":"2020-03-30T22:28:35","guid":{"rendered":"https:\/\/www.fewo-mod.de\/?page_id=46"},"modified":"2020-09-17T23:32:10","modified_gmt":"2020-09-17T21:32:10","slug":"umgebung-freizeit","status":"publish","type":"page","link":"https:\/\/www.fewo-mod.de\/?page_id=46","title":{"rendered":"Umgebung &#038; Freizeit"},"content":{"rendered":"\n<h1 class=\"wp-block-heading\">Urlaubsregion Ostallg\u00e4u<\/h1>\n\n\n\n<p>Das Ostallg\u00e4u, eines der sch\u00f6nsten Urlaubsgebiete in Bayern l\u00e4dt zum Entdecken ein.<br> <\/p>\n\n\n\n<figure class=\"wp-block-image size-large\"><img loading=\"lazy\" decoding=\"async\" width=\"1024\" height=\"449\" title=\"Ostallg\u00e4u\" src=\"https:\/\/www.fewo-mod.de\/wp-content\/uploads\/2020\/03\/Falkenstein_1-1024x449.jpg\" alt=\"\" class=\"wp-image-80\" srcset=\"https:\/\/www.fewo-mod.de\/wp-content\/uploads\/2020\/03\/Falkenstein_1-1024x449.jpg 1024w, https:\/\/www.fewo-mod.de\/wp-content\/uploads\/2020\/03\/Falkenstein_1-300x132.jpg 300w, https:\/\/www.fewo-mod.de\/wp-content\/uploads\/2020\/03\/Falkenstein_1-768x337.jpg 768w, https:\/\/www.fewo-mod.de\/wp-content\/uploads\/2020\/03\/Falkenstein_1-1536x674.jpg 1536w, https:\/\/www.fewo-mod.de\/wp-content\/uploads\/2020\/03\/Falkenstein_1-2048x899.jpg 2048w, https:\/\/www.fewo-mod.de\/wp-content\/uploads\/2020\/03\/Falkenstein_1-500x219.jpg 500w\" sizes=\"auto, (max-width: 1024px) 100vw, 1024px\" \/><\/figure>\n\n\n\n<p><br>  Bunte Blumenwiesen, gr\u00fcne W\u00e4lder, zahlreiche Badeseen, Weiher, Berge  und Schl\u00f6sser warten auf Ihren Besuch. Wanderer und Radler lieben die  h\u00fcgelige Voralpenlandschaft vor der einmaligen Kulisse der Allg\u00e4uer  Alpen. Im Winter locken gespurte Langlaufloipen, gefrorene Naturseen und  nat\u00fcrlich die nahen Skigebiete vor der Haust\u00fcr.<\/p>\n\n\n\t\t\t\t\t\t<div class=\"gallery_box_single\">\n\t\t\t\t\t\t\t\t\t\t\t\t\t\t\t<div class=\"gallery gllr_grid\" data-gllr-columns=\"3\" data-gllr-border-width=\"10\">\n\t\t\t\t\t\t\t\t\t\t\t\t\t\t\t\t\t\t\t\t<div class=\"gllr_image_row\">\n\t\t\t\t\t\t\t\t\t\t\t\t\t\t\t\t\t\t\t\t\t<div class=\"gllr_image_block\">\n\t\t\t\t\t\t\t\t\t\t\t\t<p style=\"\n\t\t\t\t\t\t\t\t\t\t\t\twidth:170px;height:170px;\t\t\t\t\t\t\t\t\t\t\t\t\">\n\t\t\t\t\t\t\t\t\t\t\t\t\t\t\t\t\t\t\t\t\t\t\t\t\t\t\t\t<a data-fancybox=\"gallery_fancybox_83\" href=\"https:\/\/www.fewo-mod.de\/wp-content\/uploads\/2020\/03\/Hopfensee-1024x768.jpg\" title=\"Hopfensee\" >\n\t\t\t\t\t\t\t\t\t\t\t\t\t\t\t\t<img decoding=\"async\" width=&quot;150&quot; height=&quot;150&quot; style=\"width:150px; height:150px; border-width: 10px; border-color:#F1F1F1;border: 10px solid #F1F1F1\" alt=\"\" title=\"Hopfensee\" src=\"https:\/\/www.fewo-mod.de\/wp-content\/uploads\/2020\/03\/Hopfensee-150x150.jpg\" rel=\"https:\/\/www.fewo-mod.de\/wp-content\/uploads\/2020\/03\/Hopfensee.jpg\" \/>\t\t\t\t\t\t\t\t\t\t\t\t\t\t\t<\/a>\n\t\t\t\t\t\t\t\t\t\t\t\t\t\t\t\t\t\t\t\t\t\t\t\t\t\t<\/p>\n\t\t\t\t\t\t\t\t\t\t\t\t\t\t\t\t\t\t\t\t\t\t\t\t\t<div \n\t\t\t\t\t\t\t\t\t\t\t\t\tstyle=\"width:170px;\"\t\t\t\t\t\t\t\t\t\t\t\t\tclass=\"gllr_single_image_text gllr_single_image_text_under\">Hopfensee&nbsp;<\/div>\n\t\t\t\t\t\t\t\t\t\t\t\t\t\t\t\t\t\t\t\t\t\t\t<\/div><!-- .gllr_image_block -->\n\t\t\t\t\t\t\t\t\t\t\t\t\t\t\t\t\t\t\t\t\t<div class=\"gllr_image_block\">\n\t\t\t\t\t\t\t\t\t\t\t\t<p style=\"\n\t\t\t\t\t\t\t\t\t\t\t\twidth:170px;height:170px;\t\t\t\t\t\t\t\t\t\t\t\t\">\n\t\t\t\t\t\t\t\t\t\t\t\t\t\t\t\t\t\t\t\t\t\t\t\t\t\t\t\t<a data-fancybox=\"gallery_fancybox_83\" href=\"https:\/\/www.fewo-mod.de\/wp-content\/uploads\/2020\/03\/Lech_F\u00fcssen-1024x506.jpg\" title=\"Lech bei F\u00fcssen\" >\n\t\t\t\t\t\t\t\t\t\t\t\t\t\t\t\t<img decoding=\"async\" width=&quot;150&quot; height=&quot;150&quot; style=\"width:150px; height:150px; border-width: 10px; border-color:#F1F1F1;border: 10px solid #F1F1F1\" alt=\"\" title=\"Lech bei F\u00fcssen\" src=\"https:\/\/www.fewo-mod.de\/wp-content\/uploads\/2020\/03\/Lech_F\u00fcssen-150x150.jpg\" rel=\"https:\/\/www.fewo-mod.de\/wp-content\/uploads\/2020\/03\/Lech_F\u00fcssen-scaled.jpg\" \/>\t\t\t\t\t\t\t\t\t\t\t\t\t\t\t<\/a>\n\t\t\t\t\t\t\t\t\t\t\t\t\t\t\t\t\t\t\t\t\t\t\t\t\t\t<\/p>\n\t\t\t\t\t\t\t\t\t\t\t\t\t\t\t\t\t\t\t\t\t\t\t\t\t<div \n\t\t\t\t\t\t\t\t\t\t\t\t\tstyle=\"width:170px;\"\t\t\t\t\t\t\t\t\t\t\t\t\tclass=\"gllr_single_image_text gllr_single_image_text_under\">Lech bei F\u00fcssen&nbsp;<\/div>\n\t\t\t\t\t\t\t\t\t\t\t\t\t\t\t\t\t\t\t\t\t\t\t<\/div><!-- .gllr_image_block -->\n\t\t\t\t\t\t\t\t\t\t\t\t\t\t\t\t\t\t\t\t\t<div class=\"gllr_image_block\">\n\t\t\t\t\t\t\t\t\t\t\t\t<p style=\"\n\t\t\t\t\t\t\t\t\t\t\t\twidth:170px;height:170px;\t\t\t\t\t\t\t\t\t\t\t\t\">\n\t\t\t\t\t\t\t\t\t\t\t\t\t\t\t\t\t\t\t\t\t\t\t\t\t\t\t\t<a data-fancybox=\"gallery_fancybox_83\" href=\"https:\/\/www.fewo-mod.de\/wp-content\/uploads\/2020\/03\/Auerberg_1-1024x768.jpg\" title=\"Georgskirche Auerberg\" >\n\t\t\t\t\t\t\t\t\t\t\t\t\t\t\t\t<img decoding=\"async\" width=&quot;150&quot; height=&quot;150&quot; style=\"width:150px; height:150px; border-width: 10px; border-color:#F1F1F1;border: 10px solid #F1F1F1\" alt=\"\" title=\"Georgskirche Auerberg\" src=\"https:\/\/www.fewo-mod.de\/wp-content\/uploads\/2020\/03\/Auerberg_1-150x150.jpg\" rel=\"https:\/\/www.fewo-mod.de\/wp-content\/uploads\/2020\/03\/Auerberg_1.jpg\" \/>\t\t\t\t\t\t\t\t\t\t\t\t\t\t\t<\/a>\n\t\t\t\t\t\t\t\t\t\t\t\t\t\t\t\t\t\t\t\t\t\t\t\t\t\t<\/p>\n\t\t\t\t\t\t\t\t\t\t\t\t\t\t\t\t\t\t\t\t\t\t\t\t\t<div \n\t\t\t\t\t\t\t\t\t\t\t\t\tstyle=\"width:170px;\"\t\t\t\t\t\t\t\t\t\t\t\t\tclass=\"gllr_single_image_text gllr_single_image_text_under\">Georgskirche Auerberg&nbsp;<\/div>\n\t\t\t\t\t\t\t\t\t\t\t\t\t\t\t\t\t\t\t\t\t\t\t<\/div><!-- .gllr_image_block -->\n\t\t\t\t\t\t\t\t\t\t\t\t\t\t\t\t\t\t\t\t\t<\/div><!-- .gllr_image_row -->\n\t\t\t\t\t\t\t\t\t\t\t\t\t\t\t\t\t\t\t\t\t\t<div class=\"gllr_image_row\">\n\t\t\t\t\t\t\t\t\t\t\t\t\t\t\t\t\t\t\t\t\t<div class=\"gllr_image_block\">\n\t\t\t\t\t\t\t\t\t\t\t\t<p style=\"\n\t\t\t\t\t\t\t\t\t\t\t\twidth:170px;height:170px;\t\t\t\t\t\t\t\t\t\t\t\t\">\n\t\t\t\t\t\t\t\t\t\t\t\t\t\t\t\t\t\t\t\t\t\t\t\t\t\t\t\t<a data-fancybox=\"gallery_fancybox_83\" href=\"https:\/\/www.fewo-mod.de\/wp-content\/uploads\/2020\/03\/Blumenwiese-1024x576.jpg\" title=\"Blumenwiese\" >\n\t\t\t\t\t\t\t\t\t\t\t\t\t\t\t\t<img decoding=\"async\" width=&quot;150&quot; height=&quot;150&quot; style=\"width:150px; height:150px; border-width: 10px; border-color:#F1F1F1;border: 10px solid #F1F1F1\" alt=\"\" title=\"Blumenwiese\" src=\"https:\/\/www.fewo-mod.de\/wp-content\/uploads\/2020\/03\/Blumenwiese-150x150.jpg\" rel=\"https:\/\/www.fewo-mod.de\/wp-content\/uploads\/2020\/03\/Blumenwiese-scaled.jpg\" \/>\t\t\t\t\t\t\t\t\t\t\t\t\t\t\t<\/a>\n\t\t\t\t\t\t\t\t\t\t\t\t\t\t\t\t\t\t\t\t\t\t\t\t\t\t<\/p>\n\t\t\t\t\t\t\t\t\t\t\t\t\t\t\t\t\t\t\t\t\t\t\t\t\t<div \n\t\t\t\t\t\t\t\t\t\t\t\t\tstyle=\"width:170px;\"\t\t\t\t\t\t\t\t\t\t\t\t\tclass=\"gllr_single_image_text gllr_single_image_text_under\">Blumenwiese&nbsp;<\/div>\n\t\t\t\t\t\t\t\t\t\t\t\t\t\t\t\t\t\t\t\t\t\t\t<\/div><!-- .gllr_image_block -->\n\t\t\t\t\t\t\t\t\t\t\t\t\t\t\t\t\t\t\t\t\t<div class=\"gllr_image_block\">\n\t\t\t\t\t\t\t\t\t\t\t\t<p style=\"\n\t\t\t\t\t\t\t\t\t\t\t\twidth:170px;height:170px;\t\t\t\t\t\t\t\t\t\t\t\t\">\n\t\t\t\t\t\t\t\t\t\t\t\t\t\t\t\t\t\t\t\t\t\t\t\t\t\t\t\t<a data-fancybox=\"gallery_fancybox_83\" href=\"https:\/\/www.fewo-mod.de\/wp-content\/uploads\/2020\/03\/Buchenberg_600-1024x275.jpg\" title=\"Vom Buchenberg\" >\n\t\t\t\t\t\t\t\t\t\t\t\t\t\t\t\t<img decoding=\"async\" width=&quot;150&quot; height=&quot;150&quot; style=\"width:150px; height:150px; border-width: 10px; border-color:#F1F1F1;border: 10px solid #F1F1F1\" alt=\"\" title=\"Vom Buchenberg\" src=\"https:\/\/www.fewo-mod.de\/wp-content\/uploads\/2020\/03\/Buchenberg_600-150x150.jpg\" rel=\"https:\/\/www.fewo-mod.de\/wp-content\/uploads\/2020\/03\/Buchenberg_600-scaled.jpg\" \/>\t\t\t\t\t\t\t\t\t\t\t\t\t\t\t<\/a>\n\t\t\t\t\t\t\t\t\t\t\t\t\t\t\t\t\t\t\t\t\t\t\t\t\t\t<\/p>\n\t\t\t\t\t\t\t\t\t\t\t\t\t\t\t\t\t\t\t\t\t\t\t\t\t<div \n\t\t\t\t\t\t\t\t\t\t\t\t\tstyle=\"width:170px;\"\t\t\t\t\t\t\t\t\t\t\t\t\tclass=\"gllr_single_image_text gllr_single_image_text_under\">Vom Buchenberg&nbsp;<\/div>\n\t\t\t\t\t\t\t\t\t\t\t\t\t\t\t\t\t\t\t\t\t\t\t<\/div><!-- .gllr_image_block -->\n\t\t\t\t\t\t\t\t\t\t\t\t\t\t\t\t\t\t\t\t\t<div class=\"gllr_image_block\">\n\t\t\t\t\t\t\t\t\t\t\t\t<p style=\"\n\t\t\t\t\t\t\t\t\t\t\t\twidth:170px;height:170px;\t\t\t\t\t\t\t\t\t\t\t\t\">\n\t\t\t\t\t\t\t\t\t\t\t\t\t\t\t\t\t\t\t\t\t\t\t\t\t\t\t\t<a data-fancybox=\"gallery_fancybox_83\" href=\"https:\/\/www.fewo-mod.de\/wp-content\/uploads\/2020\/03\/Falkenstein_Blick-1024x449.jpg\" title=\"Weissensee\" >\n\t\t\t\t\t\t\t\t\t\t\t\t\t\t\t\t<img decoding=\"async\" width=&quot;150&quot; height=&quot;150&quot; style=\"width:150px; height:150px; border-width: 10px; border-color:#F1F1F1;border: 10px solid #F1F1F1\" alt=\"\" title=\"Weissensee\" src=\"https:\/\/www.fewo-mod.de\/wp-content\/uploads\/2020\/03\/Falkenstein_Blick-150x150.jpg\" rel=\"https:\/\/www.fewo-mod.de\/wp-content\/uploads\/2020\/03\/Falkenstein_Blick-scaled.jpg\" \/>\t\t\t\t\t\t\t\t\t\t\t\t\t\t\t<\/a>\n\t\t\t\t\t\t\t\t\t\t\t\t\t\t\t\t\t\t\t\t\t\t\t\t\t\t<\/p>\n\t\t\t\t\t\t\t\t\t\t\t\t\t\t\t\t\t\t\t\t\t\t\t\t\t<div \n\t\t\t\t\t\t\t\t\t\t\t\t\tstyle=\"width:170px;\"\t\t\t\t\t\t\t\t\t\t\t\t\tclass=\"gllr_single_image_text gllr_single_image_text_under\">Weissensee&nbsp;<\/div>\n\t\t\t\t\t\t\t\t\t\t\t\t\t\t\t\t\t\t\t\t\t\t\t<\/div><!-- .gllr_image_block -->\n\t\t\t\t\t\t\t\t\t\t\t\t\t\t\t\t\t\t\t\t\t<\/div><!-- .gllr_image_row -->\n\t\t\t\t\t\t\t\t\t\t\t\t\t\t\t\t\t\t\t\t\t\t<div class=\"gllr_image_row\">\n\t\t\t\t\t\t\t\t\t\t\t\t\t\t\t\t\t\t\t\t\t<div class=\"gllr_image_block\">\n\t\t\t\t\t\t\t\t\t\t\t\t<p style=\"\n\t\t\t\t\t\t\t\t\t\t\t\twidth:170px;height:170px;\t\t\t\t\t\t\t\t\t\t\t\t\">\n\t\t\t\t\t\t\t\t\t\t\t\t\t\t\t\t\t\t\t\t\t\t\t\t\t\t\t\t<a data-fancybox=\"gallery_fancybox_83\" href=\"https:\/\/www.fewo-mod.de\/wp-content\/uploads\/2020\/03\/Falkenstein_2_300-1024x768.jpg\" title=\"Falkenstein\" >\n\t\t\t\t\t\t\t\t\t\t\t\t\t\t\t\t<img decoding=\"async\" width=&quot;150&quot; height=&quot;150&quot; style=\"width:150px; height:150px; border-width: 10px; border-color:#F1F1F1;border: 10px solid #F1F1F1\" alt=\"\" title=\"Falkenstein\" src=\"https:\/\/www.fewo-mod.de\/wp-content\/uploads\/2020\/03\/Falkenstein_2_300-150x150.jpg\" rel=\"https:\/\/www.fewo-mod.de\/wp-content\/uploads\/2020\/03\/Falkenstein_2_300.jpg\" \/>\t\t\t\t\t\t\t\t\t\t\t\t\t\t\t<\/a>\n\t\t\t\t\t\t\t\t\t\t\t\t\t\t\t\t\t\t\t\t\t\t\t\t\t\t<\/p>\n\t\t\t\t\t\t\t\t\t\t\t\t\t\t\t\t\t\t\t\t\t\t\t\t\t<div \n\t\t\t\t\t\t\t\t\t\t\t\t\tstyle=\"width:170px;\"\t\t\t\t\t\t\t\t\t\t\t\t\tclass=\"gllr_single_image_text gllr_single_image_text_under\">Falkenstein&nbsp;<\/div>\n\t\t\t\t\t\t\t\t\t\t\t\t\t\t\t\t\t\t\t\t\t\t\t<\/div><!-- .gllr_image_block -->\n\t\t\t\t\t\t\t\t\t\t\t\t\t\t\t\t\t\t\t\t\t<div class=\"gllr_image_block\">\n\t\t\t\t\t\t\t\t\t\t\t\t<p style=\"\n\t\t\t\t\t\t\t\t\t\t\t\twidth:170px;height:170px;\t\t\t\t\t\t\t\t\t\t\t\t\">\n\t\t\t\t\t\t\t\t\t\t\t\t\t\t\t\t\t\t\t\t\t\t\t\t\t\t\t\t<a data-fancybox=\"gallery_fancybox_83\" href=\"https:\/\/www.fewo-mod.de\/wp-content\/uploads\/2020\/03\/Neuschwanstein-1_1-1024x768.jpg\" title=\"Neuschwanstein\" >\n\t\t\t\t\t\t\t\t\t\t\t\t\t\t\t\t<img decoding=\"async\" width=&quot;150&quot; height=&quot;150&quot; style=\"width:150px; height:150px; border-width: 10px; border-color:#F1F1F1;border: 10px solid #F1F1F1\" alt=\"\" title=\"Neuschwanstein\" src=\"https:\/\/www.fewo-mod.de\/wp-content\/uploads\/2020\/03\/Neuschwanstein-1_1-150x150.jpg\" rel=\"https:\/\/www.fewo-mod.de\/wp-content\/uploads\/2020\/03\/Neuschwanstein-1_1.jpg\" \/>\t\t\t\t\t\t\t\t\t\t\t\t\t\t\t<\/a>\n\t\t\t\t\t\t\t\t\t\t\t\t\t\t\t\t\t\t\t\t\t\t\t\t\t\t<\/p>\n\t\t\t\t\t\t\t\t\t\t\t\t\t\t\t\t\t\t\t\t\t\t\t\t\t<div \n\t\t\t\t\t\t\t\t\t\t\t\t\tstyle=\"width:170px;\"\t\t\t\t\t\t\t\t\t\t\t\t\tclass=\"gllr_single_image_text gllr_single_image_text_under\">Neuschwanstein&nbsp;<\/div>\n\t\t\t\t\t\t\t\t\t\t\t\t\t\t\t\t\t\t\t\t\t\t\t<\/div><!-- .gllr_image_block -->\n\t\t\t\t\t\t\t\t\t\t\t\t\t\t\t\t\t\t\t\t\t<div class=\"clear\"><\/div>\n\t\t\t\t\t\t\t\t\t\t<\/div><!-- .gllr_image_row -->\n\t\t\t\t\t\t\t\t\t\t\t\t\t\t\t\t\t<\/div><!-- .gallery.clearfix -->\n\t\t\t\t\t\t\t\t\t\t\t\t\t\t<\/div><!-- .gallery_box_single -->\n\t\t\t\t\t\t<div class=\"gllr_clear\"><\/div>\n\t\t\t\t\t\t\n\n\n\n<h1 class=\"wp-block-heading\">Ausflugsziele in der Umgebung<\/h1>\n\n\n\n<p>Folgende Ausflugsziele in der n\u00e4heren Umgebung besuchen wir selbst immer wieder gerne und m\u00f6chten sie Ihnen nicht vorenthalten.<\/p>\n\n\n\n<ul class=\"wp-block-list\"><li>die <a rel=\"noreferrer noopener\" href=\"http:\/\/www.allgaeu-ausfluege.de\/Auerberg.htm\" target=\"_blank\">Georgskirche<\/a> auf dem Auerberg bei St\u00f6tten, schon allein der Aufstieg auf die Aussichtsplattform ist sehenswert.<\/li><li>den <a rel=\"noreferrer noopener\" href=\"http:\/\/www.acht-seligkeiten.de\/2011%20AVWandern\/2011_05_02%20Elbseerunde.html\" target=\"_blank\">Rundwanderweg um den Elbsee<\/a>,\u00a0falls m\u00f6glich eine Pause in der Seealpe einlegen, den Bretterweg durchs Schilf nicht vergessen.<\/li><li>der Radweg Richtung F\u00fcssen ist Teil der Dampflokrunde, sanftes Radeln auf ehemaliger Bahntrasse.<\/li><li>die Aussicht von der Weichbergkapelle bei Rettenbach, anschlie\u00dfend St\u00e4rkung im Ort.<\/li><li>das weltbekannte K\u00f6nigsschloss <a rel=\"noreferrer noopener\" href=\"http:\/\/www.neuschwanstein.de\/\" target=\"_blank\">Neuschwanstein<\/a>, besonders sch\u00f6n ist der Zugang durch die P\u00f6llatschlucht.<\/li><li>\u00a0des  weiteren das Schloss Hohenschwangau mit Alpsee, zu empfehlen ist eine  Wanderung oder Radtour entlang des Alpsees. Einkehr in Oberpinswang oder Reute.<\/li><li>der Ausblick\u00a0 sowohl vom <a rel=\"noreferrer noopener\" href=\"http:\/\/www.tegelbergbahn.de\/tegelbergbahn.html\" target=\"_blank\">Tegelberg<\/a> als auch vom <a rel=\"noreferrer noopener\" href=\"http:\/\/www.buchenbergbahn.de\/buchenbergbahn.html\" target=\"_blank\">Buchenberg<\/a>, letzteren im Herbst zu Fu\u00df besteigen, das Herbstlaub strahlt dann in allen Farben.<\/li><li>die Altstadt von <a rel=\"noreferrer noopener\" href=\"http:\/\/www.fuessen.de\" target=\"_blank\">F\u00fcssen<\/a> am Forgensee ist immer einen Ausflug wert.<\/li><li>der Rundwanderweg um den Hopfensee, Brotzeit am Kiosk des Campingplatz.<\/li><li>ein Tagesausflug ins <a rel=\"noreferrer noopener\" href=\"http:\/\/www.lechtal.traumhaft-schoen.de\/\" target=\"_blank\">Lechtal<\/a>, beim Wandern am Fluss die Seele baumeln lassen.<\/li><li>die <a rel=\"noreferrer noopener\" href=\"http:\/\/www.wieskirche.de\/frameset.htm\" target=\"_blank\">Wieskirche<\/a> bei Steingarden, eine der ber\u00fchmtesten Rokokokirchen der Welt, UNESCO Welterbest\u00e4tte.<\/li><li>die k\u00f6nigliche <a rel=\"noreferrer noopener\" href=\"http:\/\/www.kristalltherme-schwangau.de\/\" target=\"_blank\">Kristall-Therme Schwangau<\/a> und die <a rel=\"noreferrer noopener\" href=\"http:\/\/www.therme-badwoerishofen.de\/\" target=\"_blank\">Therme Bad W\u00f6rishofen<\/a> mit grosz\u00fcgiger Saunalandschaft.<\/li><li>die beeindruckende <a rel=\"noreferrer noopener\" href=\"http:\/\/www.breitachklamm.de\/\" target=\"_blank\">Breitachklamm<\/a> bei Oberstdorf.<\/li><li>Alpin-Skigebiete bei F\u00fcssen, Pfronten, Unterjoch, Oberjoch und Nesselwang.<\/li><\/ul>\n\n\n\n<p>Weitere Anregungen sind hier zu finden<\/p>\n\n\n\n<ul class=\"wp-block-list\"><li><a href=\"http:\/\/www.freizeit-ostallgaeu.de\/wandern.html\" target=\"_blank\" rel=\"noreferrer noopener\">Wandern im Ostallg\u00e4u<\/a><br><\/li><li><a href=\"http:\/\/www.auerbergland.de\/44.0.html\" target=\"_blank\" rel=\"noreferrer noopener\">das Auerbergland<\/a><br><\/li><li><a href=\"http:\/\/www.allgaeu-ausfluege.de\/\" target=\"_blank\" rel=\"noreferrer noopener\">Allg\u00e4u Ausfl\u00fcge<\/a><\/li><\/ul>\n\n\n<p><!--EndFragment--><\/p>","protected":false},"excerpt":{"rendered":"<p>Urlaubsregion Ostallg\u00e4u Das Ostallg\u00e4u, eines der sch\u00f6nsten Urlaubsgebiete in Bayern l\u00e4dt zum Entdecken ein. Bunte Blumenwiesen, gr\u00fcne W\u00e4lder, zahlreiche Badeseen, Weiher, Berge und Schl\u00f6sser warten auf Ihren Besuch. Wanderer und Radler lieben die h\u00fcgelige Voralpenlandschaft vor der einmaligen Kulisse der &hellip; <a href=\"https:\/\/www.fewo-mod.de\/?bws-gallery=galerie-umgebung-landschaft-83\">Weiterlesen <span class=\"meta-nav\">&rarr;<\/span><\/a><\/p>\n","protected":false},"author":1,"featured_media":0,"parent":0,"menu_order":0,"comment_status":"closed","ping_status":"closed","template":"","meta":{"footnotes":""},"class_list":["post-46","page","type-page","status-publish","hentry"],"_links":{"self":[{"href":"https:\/\/www.fewo-mod.de\/index.php?rest_route=\/wp\/v2\/pages\/46","targetHints":{"allow":["GET"]}}],"collection":[{"href":"https:\/\/www.fewo-mod.de\/index.php?rest_route=\/wp\/v2\/pages"}],"about":[{"href":"https:\/\/www.fewo-mod.de\/index.php?rest_route=\/wp\/v2\/types\/page"}],"author":[{"embeddable":true,"href":"https:\/\/www.fewo-mod.de\/index.php?rest_route=\/wp\/v2\/users\/1"}],"replies":[{"embeddable":true,"href":"https:\/\/www.fewo-mod.de\/index.php?rest_route=%2Fwp%2Fv2%2Fcomments&post=46"}],"version-history":[{"count":6,"href":"https:\/\/www.fewo-mod.de\/index.php?rest_route=\/wp\/v2\/pages\/46\/revisions"}],"predecessor-version":[{"id":113,"href":"https:\/\/www.fewo-mod.de\/index.php?rest_route=\/wp\/v2\/pages\/46\/revisions\/113"}],"wp:attachment":[{"href":"https:\/\/www.fewo-mod.de\/index.php?rest_route=%2Fwp%2Fv2%2Fmedia&parent=46"}],"curies":[{"name":"wp","href":"https:\/\/api.w.org\/{rel}","templated":true}]}}