{"id":42,"date":"2020-03-31T00:25:56","date_gmt":"2020-03-30T22:25:56","guid":{"rendered":"https:\/\/www.fewo-mod.de\/?page_id=42"},"modified":"2025-12-27T20:07:10","modified_gmt":"2025-12-27T19:07:10","slug":"preise","status":"publish","type":"page","link":"https:\/\/www.fewo-mod.de\/?page_id=42","title":{"rendered":"Preise"},"content":{"rendered":"\n<p>Die Mindestmietdauer betr\u00e4gt 2 \u00dcbernachtungen.Die Ferienwohnung ist am Anreisetag ab 15:00 Uhr verf\u00fcgbar, am Abreisetag steht Ihnen die Wohnung bis 10:00 Uhr zur Verf\u00fcgung.<\/p>\n\n\n\n<figure class=\"wp-block-table\"><table><tbody><tr><td>Sommersaison 1. Apr. 2026 &#8211; 30. Sep 2026,<br>Preise f\u00fcr die Ferienwohnung pro Nacht<\/td><td><\/td><\/tr><tr><td>2 Personen<\/td><td><strong>49,- \u20ac<\/strong><\/td><\/tr><tr><td>3 Personen<\/td><td><strong>69,- \u20ac<\/strong><\/td><\/tr><tr><td>4 Personen<\/td><td><strong>90,- \u20ac<\/strong><\/td><\/tr><\/tbody><\/table><\/figure>\n\n\n\n<figure class=\"wp-block-table\"><table><tbody><tr><td>Wintersaison 1. Okt 2025 &#8211; 31. M\u00e4rz 2026, <br>Preise f\u00fcr die Ferienwohnung pro Nacht<\/td><td><\/td><\/tr><tr><td>2 Personen<\/td><td><strong>68,- \u20ac<\/strong><\/td><\/tr><tr><td>3 Personen<\/td><td><strong>88,- \u20ac<\/strong><\/td><\/tr><\/tbody><\/table><\/figure>\n\n\n\n<p><\/p>\n\n\n\n<p>Der Kurbeitrag von 1,20 \u20ac (inkl. MwSt) pro Person und Aufenthaltstag ist zus\u00e4zlich zu entrichten. <\/p>\n\n\n\n<p>Monteure nach gesonderter Absprache<\/p>\n\n\n<p><!--EndFragment--><\/p>","protected":false},"excerpt":{"rendered":"<p>Die Mindestmietdauer betr\u00e4gt 2 \u00dcbernachtungen.Die Ferienwohnung ist am Anreisetag ab 15:00 Uhr verf\u00fcgbar, am Abreisetag steht Ihnen die Wohnung bis 10:00 Uhr zur Verf\u00fcgung. Sommersaison 1. Apr. 2026 &#8211; 30. Sep 2026,Preise f\u00fcr die Ferienwohnung pro Nacht 2 Personen 49,- &hellip; <a href=\"https:\/\/www.fewo-mod.de\/?page_id=42\">Weiterlesen <span class=\"meta-nav\">&rarr;<\/span><\/a><\/p>\n","protected":false},"author":1,"featured_media":0,"parent":0,"menu_order":0,"comment_status":"closed","ping_status":"closed","template":"","meta":{"footnotes":""},"class_list":["post-42","page","type-page","status-publish","hentry"],"_links":{"self":[{"href":"https:\/\/www.fewo-mod.de\/index.php?rest_route=\/wp\/v2\/pages\/42","targetHints":{"allow":["GET"]}}],"collection":[{"href":"https:\/\/www.fewo-mod.de\/index.php?rest_route=\/wp\/v2\/pages"}],"about":[{"href":"https:\/\/www.fewo-mod.de\/index.php?rest_route=\/wp\/v2\/types\/page"}],"author":[{"embeddable":true,"href":"https:\/\/www.fewo-mod.de\/index.php?rest_route=\/wp\/v2\/users\/1"}],"replies":[{"embeddable":true,"href":"https:\/\/www.fewo-mod.de\/index.php?rest_route=%2Fwp%2Fv2%2Fcomments&post=42"}],"version-history":[{"count":16,"href":"https:\/\/www.fewo-mod.de\/index.php?rest_route=\/wp\/v2\/pages\/42\/revisions"}],"predecessor-version":[{"id":134,"href":"https:\/\/www.fewo-mod.de\/index.php?rest_route=\/wp\/v2\/pages\/42\/revisions\/134"}],"wp:attachment":[{"href":"https:\/\/www.fewo-mod.de\/index.php?rest_route=%2Fwp%2Fv2%2Fmedia&parent=42"}],"curies":[{"name":"wp","href":"https:\/\/api.w.org\/{rel}","templated":true}]}}