{"id":40,"date":"2020-03-31T00:24:39","date_gmt":"2020-03-30T22:24:39","guid":{"rendered":"https:\/\/www.fewo-mod.de\/?page_id=40"},"modified":"2020-03-31T01:06:56","modified_gmt":"2020-03-30T23:06:56","slug":"ort","status":"publish","type":"page","link":"https:\/\/www.fewo-mod.de\/?page_id=40","title":{"rendered":"Ort"},"content":{"rendered":"<p>\n<!--StartFragment--><\/p>\n\n\n<h1 class=\"wp-block-heading\">Die Stadt Marktoberdorf<\/h1>\n\n\n\n<p>Die <a href=\"http:\/\/www.marktoberdorf.de\/\" target=\"_blank\" rel=\"noreferrer noopener\">Kreisstadt Marktoberdorf<\/a> (ca. 18500 Einwohner) ist gepr\u00e4gt durch das Nebeneinander von d\u00f6rflicher Ruhe &amp; Gelassenheit und dem modernen Leben.<br>\n Sie finden echte Allg\u00e4uer Gastfreundschaft&nbsp;in nat\u00fcrlicher Umgebung. \nUnsere Stadt bietet sowohl kulturelle H\u00f6hepunkte als auch gewachsene \nGeschichte sowie moderne Hightech Unternehmen.<\/p>\n\n\n\t\t\t\t\t\t<div class=\"gallery_box_single\">\n\t\t\t\t\t\t\t\t\t\t\t\t\t\t\t<div class=\"gallery gllr_grid\" data-gllr-columns=\"3\" data-gllr-border-width=\"10\">\n\t\t\t\t\t\t\t\t\t\t\t\t\t\t\t\t\t\t\t\t<div class=\"gllr_image_row\">\n\t\t\t\t\t\t\t\t\t\t\t\t\t\t\t\t\t\t\t\t\t<div class=\"gllr_image_block\">\n\t\t\t\t\t\t\t\t\t\t\t\t<p style=\"\n\t\t\t\t\t\t\t\t\t\t\t\twidth:170px;height:170px;\t\t\t\t\t\t\t\t\t\t\t\t\">\n\t\t\t\t\t\t\t\t\t\t\t\t\t\t\t\t\t\t\t\t\t\t\t\t\t\t\t\t<a data-fancybox=\"gallery_fancybox_73\" href=\"https:\/\/www.fewo-mod.de\/wp-content\/uploads\/2020\/03\/Alee_4_1-1024x768.jpg\" title=\"Lindenallee\" >\n\t\t\t\t\t\t\t\t\t\t\t\t\t\t\t\t<img decoding=\"async\" width=&quot;150&quot; height=&quot;150&quot; style=\"width:150px; height:150px; border-width: 10px; border-color:#F1F1F1;border: 10px solid #F1F1F1\" alt=\"\" title=\"Lindenallee\" src=\"https:\/\/www.fewo-mod.de\/wp-content\/uploads\/2020\/03\/Alee_4_1-150x150.jpg\" rel=\"https:\/\/www.fewo-mod.de\/wp-content\/uploads\/2020\/03\/Alee_4_1.jpg\" \/>\t\t\t\t\t\t\t\t\t\t\t\t\t\t\t<\/a>\n\t\t\t\t\t\t\t\t\t\t\t\t\t\t\t\t\t\t\t\t\t\t\t\t\t\t<\/p>\n\t\t\t\t\t\t\t\t\t\t\t\t\t\t\t\t\t\t\t\t\t\t\t\t\t<div \n\t\t\t\t\t\t\t\t\t\t\t\t\tstyle=\"width:170px;\"\t\t\t\t\t\t\t\t\t\t\t\t\tclass=\"gllr_single_image_text gllr_single_image_text_under\">Lindenallee&nbsp;<\/div>\n\t\t\t\t\t\t\t\t\t\t\t\t\t\t\t\t\t\t\t\t\t\t\t<\/div><!-- .gllr_image_block -->\n\t\t\t\t\t\t\t\t\t\t\t\t\t\t\t\t\t\t\t\t\t<div class=\"gllr_image_block\">\n\t\t\t\t\t\t\t\t\t\t\t\t<p style=\"\n\t\t\t\t\t\t\t\t\t\t\t\twidth:170px;height:170px;\t\t\t\t\t\t\t\t\t\t\t\t\">\n\t\t\t\t\t\t\t\t\t\t\t\t\t\t\t\t\t\t\t\t\t\t\t\t\t\t\t\t<a data-fancybox=\"gallery_fancybox_73\" href=\"https:\/\/www.fewo-mod.de\/wp-content\/uploads\/2020\/03\/Innenstadt_1-1024x768.jpg\" title=\"Innenstadt\" >\n\t\t\t\t\t\t\t\t\t\t\t\t\t\t\t\t<img decoding=\"async\" width=&quot;150&quot; height=&quot;150&quot; style=\"width:150px; height:150px; border-width: 10px; border-color:#F1F1F1;border: 10px solid #F1F1F1\" alt=\"\" title=\"Innenstadt\" src=\"https:\/\/www.fewo-mod.de\/wp-content\/uploads\/2020\/03\/Innenstadt_1-150x150.jpg\" rel=\"https:\/\/www.fewo-mod.de\/wp-content\/uploads\/2020\/03\/Innenstadt_1.jpg\" \/>\t\t\t\t\t\t\t\t\t\t\t\t\t\t\t<\/a>\n\t\t\t\t\t\t\t\t\t\t\t\t\t\t\t\t\t\t\t\t\t\t\t\t\t\t<\/p>\n\t\t\t\t\t\t\t\t\t\t\t\t\t\t\t\t\t\t\t\t\t\t\t\t\t<div \n\t\t\t\t\t\t\t\t\t\t\t\t\tstyle=\"width:170px;\"\t\t\t\t\t\t\t\t\t\t\t\t\tclass=\"gllr_single_image_text gllr_single_image_text_under\">Innenstadt&nbsp;<\/div>\n\t\t\t\t\t\t\t\t\t\t\t\t\t\t\t\t\t\t\t\t\t\t\t<\/div><!-- .gllr_image_block -->\n\t\t\t\t\t\t\t\t\t\t\t\t\t\t\t\t\t\t\t\t\t<div class=\"gllr_image_block\">\n\t\t\t\t\t\t\t\t\t\t\t\t<p style=\"\n\t\t\t\t\t\t\t\t\t\t\t\twidth:170px;height:170px;\t\t\t\t\t\t\t\t\t\t\t\t\">\n\t\t\t\t\t\t\t\t\t\t\t\t\t\t\t\t\t\t\t\t\t\t\t\t\t\t\t\t<a data-fancybox=\"gallery_fancybox_73\" href=\"https:\/\/www.fewo-mod.de\/wp-content\/uploads\/2020\/03\/MOD_4_1-1024x768.jpg\" title=\"Alpenblick\" >\n\t\t\t\t\t\t\t\t\t\t\t\t\t\t\t\t<img decoding=\"async\" width=&quot;150&quot; height=&quot;150&quot; style=\"width:150px; height:150px; border-width: 10px; border-color:#F1F1F1;border: 10px solid #F1F1F1\" alt=\"\" title=\"Alpenblick\" src=\"https:\/\/www.fewo-mod.de\/wp-content\/uploads\/2020\/03\/MOD_4_1-150x150.jpg\" rel=\"https:\/\/www.fewo-mod.de\/wp-content\/uploads\/2020\/03\/MOD_4_1.jpg\" \/>\t\t\t\t\t\t\t\t\t\t\t\t\t\t\t<\/a>\n\t\t\t\t\t\t\t\t\t\t\t\t\t\t\t\t\t\t\t\t\t\t\t\t\t\t<\/p>\n\t\t\t\t\t\t\t\t\t\t\t\t\t\t\t\t\t\t\t\t\t\t\t\t\t<div \n\t\t\t\t\t\t\t\t\t\t\t\t\tstyle=\"width:170px;\"\t\t\t\t\t\t\t\t\t\t\t\t\tclass=\"gllr_single_image_text gllr_single_image_text_under\">Alpenblick&nbsp;<\/div>\n\t\t\t\t\t\t\t\t\t\t\t\t\t\t\t\t\t\t\t\t\t\t\t<\/div><!-- .gllr_image_block -->\n\t\t\t\t\t\t\t\t\t\t\t\t\t\t\t\t\t\t\t\t\t<\/div><!-- .gllr_image_row -->\n\t\t\t\t\t\t\t\t\t\t\t\t\t\t\t\t\t\t\t\t\t\t<div class=\"gllr_image_row\">\n\t\t\t\t\t\t\t\t\t\t\t\t\t\t\t\t\t\t\t\t\t<div class=\"gllr_image_block\">\n\t\t\t\t\t\t\t\t\t\t\t\t<p style=\"\n\t\t\t\t\t\t\t\t\t\t\t\twidth:170px;height:170px;\t\t\t\t\t\t\t\t\t\t\t\t\">\n\t\t\t\t\t\t\t\t\t\t\t\t\t\t\t\t\t\t\t\t\t\t\t\t\t\t\t\t<a data-fancybox=\"gallery_fancybox_73\" href=\"https:\/\/www.fewo-mod.de\/wp-content\/uploads\/2020\/03\/Buchel_3-1024x768.jpg\" title=\"Buchel\" >\n\t\t\t\t\t\t\t\t\t\t\t\t\t\t\t\t<img decoding=\"async\" width=&quot;150&quot; height=&quot;150&quot; style=\"width:150px; height:150px; border-width: 10px; border-color:#F1F1F1;border: 10px solid #F1F1F1\" alt=\"\" title=\"Buchel\" src=\"https:\/\/www.fewo-mod.de\/wp-content\/uploads\/2020\/03\/Buchel_3-150x150.jpg\" rel=\"https:\/\/www.fewo-mod.de\/wp-content\/uploads\/2020\/03\/Buchel_3.jpg\" \/>\t\t\t\t\t\t\t\t\t\t\t\t\t\t\t<\/a>\n\t\t\t\t\t\t\t\t\t\t\t\t\t\t\t\t\t\t\t\t\t\t\t\t\t\t<\/p>\n\t\t\t\t\t\t\t\t\t\t\t\t\t\t\t\t\t\t\t\t\t\t\t\t\t<div \n\t\t\t\t\t\t\t\t\t\t\t\t\tstyle=\"width:170px;\"\t\t\t\t\t\t\t\t\t\t\t\t\tclass=\"gllr_single_image_text gllr_single_image_text_under\">Buchel&nbsp;<\/div>\n\t\t\t\t\t\t\t\t\t\t\t\t\t\t\t\t\t\t\t\t\t\t\t<\/div><!-- .gllr_image_block -->\n\t\t\t\t\t\t\t\t\t\t\t\t\t\t\t\t\t\t\t\t\t<div class=\"gllr_image_block\">\n\t\t\t\t\t\t\t\t\t\t\t\t<p style=\"\n\t\t\t\t\t\t\t\t\t\t\t\twidth:170px;height:170px;\t\t\t\t\t\t\t\t\t\t\t\t\">\n\t\t\t\t\t\t\t\t\t\t\t\t\t\t\t\t\t\t\t\t\t\t\t\t\t\t\t\t<a data-fancybox=\"gallery_fancybox_73\" href=\"https:\/\/www.fewo-mod.de\/wp-content\/uploads\/2020\/03\/MOD_12-768x1024.jpg\" title=\"St.Martin\" >\n\t\t\t\t\t\t\t\t\t\t\t\t\t\t\t\t<img decoding=\"async\" width=&quot;150&quot; height=&quot;150&quot; style=\"width:150px; height:150px; border-width: 10px; border-color:#F1F1F1;border: 10px solid #F1F1F1\" alt=\"\" title=\"St.Martin\" src=\"https:\/\/www.fewo-mod.de\/wp-content\/uploads\/2020\/03\/MOD_12-150x150.jpg\" rel=\"https:\/\/www.fewo-mod.de\/wp-content\/uploads\/2020\/03\/MOD_12.jpg\" \/>\t\t\t\t\t\t\t\t\t\t\t\t\t\t\t<\/a>\n\t\t\t\t\t\t\t\t\t\t\t\t\t\t\t\t\t\t\t\t\t\t\t\t\t\t<\/p>\n\t\t\t\t\t\t\t\t\t\t\t\t\t\t\t\t\t\t\t\t\t\t\t\t\t<div \n\t\t\t\t\t\t\t\t\t\t\t\t\tstyle=\"width:170px;\"\t\t\t\t\t\t\t\t\t\t\t\t\tclass=\"gllr_single_image_text gllr_single_image_text_under\">St.Martin&nbsp;<\/div>\n\t\t\t\t\t\t\t\t\t\t\t\t\t\t\t\t\t\t\t\t\t\t\t<\/div><!-- .gllr_image_block -->\n\t\t\t\t\t\t\t\t\t\t\t\t\t\t\t\t\t\t\t\t\t<div class=\"clear\"><\/div>\n\t\t\t\t\t\t\t\t\t\t<\/div><!-- .gllr_image_row -->\n\t\t\t\t\t\t\t\t\t\t\t\t\t\t\t\t\t<\/div><!-- .gallery.clearfix -->\n\t\t\t\t\t\t\t\t\t\t\t\t\t\t<\/div><!-- .gallery_box_single -->\n\t\t\t\t\t\t<div class=\"gllr_clear\"><\/div>\n\t\t\t\t\t\t\n\n\n\n<p>Die <a href=\"http:\/\/www.modakademie.de\/\" target=\"_blank\" rel=\"noreferrer noopener\">Bayerische Musikakademie<\/a>\n im Schloss von Markoberdorf bietet international anerkannten H\u00f6rgenuss.\n Das st\u00e4dtische Veranstaltungszentrum MODEON gl\u00e4nzt mit einer Vielzahl \nan Veranstaltungen einheimischer und internationaler Darsteller.<\/p>\n\n\n\n<p>Natur\n direkt vor der Haust\u00fcr k\u00f6nnen Sie \u00fcberall in Marktoberdorf genie\u00dfen. \nBesonders erw\u00e4hnenswert ist das Naherholungsgebiet &#8222;Die Buchel&#8220; und die \npr\u00e4chtige Lindenallee beim ehemaligen f\u00fcrstbisch\u00f6flichen Schloss.<br> Bei schlechtem Wetter ist ein Besuch des modernen <a href=\"http:\/\/www.hallenbad-marktoberdorf.de\/\" target=\"_blank\" rel=\"noreferrer noopener\">Hallenbades<\/a> zu empfehlen. Bei sch\u00f6nem Wetter sind die Marktoberdorfer am nahegelegenem Ettwieser Weiher, liebevoll Ette genannt, zu finden.<\/p>\n\n\n\n<p>Bewundernswert ist die Stadtpfarrkirche St. Martin, ein Juwel der Rokoko Zeit. Am nahegelegen <a href=\"http:\/\/www.roemerbad-marktoberdorf.de\/\" target=\"_blank\" rel=\"noreferrer noopener\">R\u00f6merbad<\/a>, dem Fundort einer ehemaligen r\u00f6mischen Villa Rustica, ist eine st\u00e4ndige Ausstellung im \u00fcberdachten Glasbau zu bestaunen.<\/p>\n\n\n\n<p>Durch die g\u00fcnstige Verkehrsanbindung ist Marktoberdorf einfach zu erreichen.<br> Der Bahnhof liegt an der Strecke Kaufbeuren-F\u00fcssen.<br> Die Bundesstra\u00dfe B12 M\u00fcnchen-Lindau ist 3 km entfernt,<br> der n\u00e4chste Autobahnanschluss A7 F\u00fcssen-Flensburg nur 20 km.<br> In 60 km Entfernung befindet sich der Flughafen Memmingen.<\/p>\n\n\n\n<p>Nicht zuletzt durch diese g\u00fcnstige Verkehrslage sind moderne Betriebe pr\u00e4sent, wie z.b. die Firma <a href=\"http:\/\/www.fendt.com\/de\/default.asp\" target=\"_blank\" rel=\"noreferrer noopener\">AGCO Fendt<\/a>, bekannt f\u00fcr fortschrittliche Traktoren.<\/p>\n\n\n<p><!--EndFragment--><\/p>","protected":false},"excerpt":{"rendered":"<p>Die Stadt Marktoberdorf Die Kreisstadt Marktoberdorf (ca. 18500 Einwohner) ist gepr\u00e4gt durch das Nebeneinander von d\u00f6rflicher Ruhe &amp; Gelassenheit und dem modernen Leben. Sie finden echte Allg\u00e4uer Gastfreundschaft&nbsp;in nat\u00fcrlicher Umgebung. Unsere Stadt bietet sowohl kulturelle H\u00f6hepunkte als auch gewachsene Geschichte &hellip; <a href=\"https:\/\/www.fewo-mod.de\/?bws-gallery=galerie-ort-73\">Weiterlesen <span class=\"meta-nav\">&rarr;<\/span><\/a><\/p>\n","protected":false},"author":1,"featured_media":0,"parent":0,"menu_order":0,"comment_status":"closed","ping_status":"closed","template":"","meta":{"footnotes":""},"class_list":["post-40","page","type-page","status-publish","hentry"],"_links":{"self":[{"href":"https:\/\/www.fewo-mod.de\/index.php?rest_route=\/wp\/v2\/pages\/40","targetHints":{"allow":["GET"]}}],"collection":[{"href":"https:\/\/www.fewo-mod.de\/index.php?rest_route=\/wp\/v2\/pages"}],"about":[{"href":"https:\/\/www.fewo-mod.de\/index.php?rest_route=\/wp\/v2\/types\/page"}],"author":[{"embeddable":true,"href":"https:\/\/www.fewo-mod.de\/index.php?rest_route=\/wp\/v2\/users\/1"}],"replies":[{"embeddable":true,"href":"https:\/\/www.fewo-mod.de\/index.php?rest_route=%2Fwp%2Fv2%2Fcomments&post=40"}],"version-history":[{"count":2,"href":"https:\/\/www.fewo-mod.de\/index.php?rest_route=\/wp\/v2\/pages\/40\/revisions"}],"predecessor-version":[{"id":79,"href":"https:\/\/www.fewo-mod.de\/index.php?rest_route=\/wp\/v2\/pages\/40\/revisions\/79"}],"wp:attachment":[{"href":"https:\/\/www.fewo-mod.de\/index.php?rest_route=%2Fwp%2Fv2%2Fmedia&parent=40"}],"curies":[{"name":"wp","href":"https:\/\/api.w.org\/{rel}","templated":true}]}}