{"id":36,"date":"2020-03-31T00:22:51","date_gmt":"2020-03-30T22:22:51","guid":{"rendered":"https:\/\/www.fewo-mod.de\/?page_id=36"},"modified":"2025-09-21T23:30:42","modified_gmt":"2025-09-21T21:30:42","slug":"impressum-datenschutzerklaerung","status":"publish","type":"page","link":"https:\/\/www.fewo-mod.de\/?page_id=36","title":{"rendered":"Impressum &#038; Datenschutzerkl\u00e4rung"},"content":{"rendered":"<p>\n<!--StartFragment--><\/p>\n\n\n<h1 class=\"wp-block-heading\">Impressum:<\/h1>\n\n\n\n<h2 class=\"wp-block-heading\">Angaben gem\u00e4\u00df \u00a7 5 TMG:<\/h2>\n\n\n\n<p>Margot Keller<br> Reichshofstra\u00dfe 10<br> 87616 Marktoberdorf<\/p>\n\n\n\n<h2 class=\"wp-block-heading\">Kontakt:<\/h2>\n\n\n\n<p><\/p>\n\n\n\n<p>Telefon: +49 (0) 8342 7195<br> E-Mail: info@fewo-mod.de\n<\/p>\n\n\n\n<h2 class=\"wp-block-heading\">Haftung f\u00fcr Inhalte<\/h2>\n\n\n\n<p>Als\n Diensteanbieter sind wir gem\u00e4\u00df \u00a7 7 Abs.1 TMG f\u00fcr eigene Inhalte auf \ndiesen Seiten nach den allgemeinen Gesetzen verantwortlich. Nach \u00a7\u00a7 8 \nbis 10 TMG sind wir als Diensteanbieter jedoch nicht verpflichtet, \n\u00fcbermittelte oder gespeicherte fremde Informationen zu \u00fcberwachen oder \nnach Umst\u00e4nden zu forschen, die auf eine rechtswidrige T\u00e4tigkeit \nhinweisen.<\/p>\n\n\n\n<p>Verpflichtungen zur Entfernung oder Sperrung der \nNutzung von Informationen nach den allgemeinen Gesetzen bleiben hiervon \nunber\u00fchrt. Eine diesbez\u00fcgliche Haftung ist jedoch erst ab dem Zeitpunkt \nder Kenntnis einer konkreten Rechtsverletzung m\u00f6glich. Bei Bekanntwerden\n von entsprechenden Rechtsverletzungen werden wir diese Inhalte umgehend\n entfernen.<\/p>\n\n\n\n<h2 class=\"wp-block-heading\">Haftung f\u00fcr Links<\/h2>\n\n\n\n<p>Unser Angebot enth\u00e4lt Links \nzu externen Websites Dritter, auf deren Inhalte wir keinen Einfluss \nhaben. Deshalb k\u00f6nnen wir f\u00fcr diese fremden Inhalte auch keine Gew\u00e4hr \n\u00fcbernehmen. F\u00fcr die Inhalte der verlinkten Seiten ist stets der \njeweilige Anbieter oder Betreiber der Seiten verantwortlich. Die \nverlinkten Seiten wurden zum Zeitpunkt der Verlinkung auf m\u00f6gliche \nRechtsverst\u00f6\u00dfe \u00fcberpr\u00fcft. Rechtswidrige Inhalte waren zum<br> Zeitpunkt der Verlinkung nicht erkennbar.<\/p>\n\n\n\n<p>Eine\n permanente inhaltliche Kontrolle der verlinkten Seiten ist jedoch ohne \nkonkrete Anhaltspunkte einer Rechtsverletzung nicht zumutbar. Bei \nBekanntwerden von Rechtsverletzungen werden wir derartige Links umgehend\n entfernen.<\/p>\n\n\n\n<h2 class=\"wp-block-heading\">Urheberrecht<\/h2>\n\n\n\n<p>Die durch die Seitenbetreiber \nerstellten Inhalte und Werke auf diesen Seiten unterliegen dem deutschen\n Urheberrecht. Die Vervielf\u00e4ltigung, Bearbeitung, Verbreitung und jede \nArt der Verwertung au\u00dferhalb der Grenzen des Urheberrechtes bed\u00fcrfen der\n schriftlichen Zustimmung des jeweiligen Autors bzw. Erstellers. \nDownloads und Kopien dieser Seite sind nur f\u00fcr den privaten, nicht \nkommerziellen Gebrauch gestattet.<\/p>\n\n\n\n<p>Soweit die Inhalte auf dieser \nSeite nicht vom Betreiber erstellt wurden, werden die Urheberrechte \nDritter beachtet. Insbesondere werden Inhalte Dritter als solche \ngekennzeichnet. Sollten Sie trotzdem auf eine Urheberrechtsverletzung \naufmerksam werden, bitten wir um einen entsprechenden Hinweis. Bei \nBekanntwerden von Rechtsverletzungen werden wir derartige Inhalte \numgehend entfernen.<br> Quelle: <a href=\"https:\/\/www.erecht24.de\">https:\/\/www.e-recht24.de<\/a><br><\/p>\n\n\n\n<h1 class=\"wp-block-heading\">Datenschutzerkl\u00e4rung<\/h1>\n\n\n\n<h2 class=\"wp-block-heading\">Datenschutz<\/h2>\n\n\n\n<p>Die\n Betreiber dieser Seiten nehmen den Schutz Ihrer pers\u00f6nlichen Daten sehr\n ernst. Wir behandeln Ihre personenbezogenen Daten vertraulich und \nentsprechend der gesetzlichen Datenschutzvorschriften sowie dieser \nDatenschutzerkl\u00e4rung.<\/p>\n\n\n\n<p>Die Nutzung unserer Website ist in der Regel\n ohne Angabe personenbezogener Daten m\u00f6glich. Soweit auf unseren Seiten \npersonenbezogene Daten (beispielsweise Name, Anschrift oder \nE-Mail-Adressen) erhoben werden, erfolgt dies, soweit m\u00f6glich, stets auf\n freiwilliger Basis. Diese Daten werden ohne Ihre ausdr\u00fcckliche \nZustimmung nicht an Dritte weitergegeben.<\/p>\n\n\n\n<p>Wir weisen darauf hin, \ndass die Daten\u00fcbertragung im Internet (z.B. bei der Kommunikation per \nE-Mail) Sicherheitsl\u00fccken aufweisen kann. Ein l\u00fcckenloser Schutz der \nDaten vor dem Zugriff durch Dritte ist nicht m\u00f6glich.<\/p>\n\n\n\n<h2 class=\"wp-block-heading\">Server-Log-Files<\/h2>\n\n\n\n<p>Der\n Provider der Seiten erhebt und speichert automatisch Informationen in \nso genannten Server-Log Files, die Ihr Browser automatisch an uns \n\u00fcbermittelt. Dies sind:<\/p>\n\n\n\n<ul class=\"wp-block-list\">\n<li>Browsertyp und Browserversion<\/li>\n\n\n\n<li>verwendetes Betriebssystem<\/li>\n\n\n\n<li>Referrer URL<\/li>\n\n\n\n<li>Hostname des zugreifenden Rechners<\/li>\n\n\n\n<li>Uhrzeit der Serveranfrage<\/li>\n<\/ul>\n\n\n\n<p>Diese\n Daten sind nicht bestimmten Personen zuordenbar. Eine Zusammenf\u00fchrung \ndieser Daten mit anderen Datenquellen wird nicht vorgenommen. Wir \nbehalten uns vor, diese Daten nachtr\u00e4glich zu pr\u00fcfen, wenn uns konkrete \nAnhaltspunkte f\u00fcr eine rechtswidrige Nutzung bekannt werden.<\/p>\n\n\n\n<h2 class=\"wp-block-heading\">Recht auf Auskunft, L\u00f6schung, Sperrung<\/h2>\n\n\n\n<p>Sie\n haben jederzeit das Recht auf unentgeltliche Auskunft \u00fcber Ihre \ngespeicherten personenbezogenen Daten, deren Herkunft und Empf\u00e4nger und \nden Zweck der Datenverarbeitung sowie ein Recht auf Berichtigung, \nSperrung oder L\u00f6schung dieser Daten. Hierzu sowie zu weiteren Fragen zum\n Thema personenbezogene Daten k\u00f6nnen Sie sich jederzeit unter der im \nImpressum angegebenen Adresse an uns wenden.<\/p>\n\n\n\n<h2 class=\"wp-block-heading\">Widerspruch Werbe-Mails<\/h2>\n\n\n\n<p>Der\n Nutzung von im Rahmen der Impressumspflicht ver\u00f6ffentlichten \nKontaktdaten zur \u00dcbersendung von nicht ausdr\u00fccklich angeforderter \nWerbung und Informationsmaterialien wird hiermit widersprochen. Die \nBetreiber der Seiten behalten sich ausdr\u00fccklich rechtliche Schritte im \nFalle der unverlangten Zusendung von Werbeinformationen, etwa durch \nSpam-E-Mails, vor.<br> Quelle: <a href=\"https:\/\/www.e-recht24.de\">e-recht24.de<\/a><br><\/p>\n\n\n\n<h2 class=\"wp-block-heading\">Salvatorische Klausel<\/h2>\n\n\n\n<p>Sollte\n eine Bestimmung des Vertrages unwirksam sein, so bleibt die Wirksamkeit\n der \u00fcbrigen unber\u00fchrt. Die unwirksame Bestimmung ist durch eine \nBestimmung zu ersetzen, die dem gewollten Zweck in rechtlich zul\u00e4ssiger \nWeise am n\u00e4chsten kommt. Das gleiche gilt f\u00fcr Vertragsl\u00fccken.<\/p>\n\n\n<p><!--EndFragment--><\/p>","protected":false},"excerpt":{"rendered":"<p>Impressum: Angaben gem\u00e4\u00df \u00a7 5 TMG: Margot Keller Reichshofstra\u00dfe 10 87616 Marktoberdorf Kontakt: Telefon: +49 (0) 8342 7195 E-Mail: info@fewo-mod.de Haftung f\u00fcr Inhalte Als Diensteanbieter sind wir gem\u00e4\u00df \u00a7 7 Abs.1 TMG f\u00fcr eigene Inhalte auf diesen Seiten nach den &hellip; <a href=\"https:\/\/www.fewo-mod.de\/?page_id=36\">Weiterlesen <span class=\"meta-nav\">&rarr;<\/span><\/a><\/p>\n","protected":false},"author":1,"featured_media":0,"parent":0,"menu_order":0,"comment_status":"closed","ping_status":"closed","template":"","meta":{"footnotes":""},"class_list":["post-36","page","type-page","status-publish","hentry"],"_links":{"self":[{"href":"https:\/\/www.fewo-mod.de\/index.php?rest_route=\/wp\/v2\/pages\/36","targetHints":{"allow":["GET"]}}],"collection":[{"href":"https:\/\/www.fewo-mod.de\/index.php?rest_route=\/wp\/v2\/pages"}],"about":[{"href":"https:\/\/www.fewo-mod.de\/index.php?rest_route=\/wp\/v2\/types\/page"}],"author":[{"embeddable":true,"href":"https:\/\/www.fewo-mod.de\/index.php?rest_route=\/wp\/v2\/users\/1"}],"replies":[{"embeddable":true,"href":"https:\/\/www.fewo-mod.de\/index.php?rest_route=%2Fwp%2Fv2%2Fcomments&post=36"}],"version-history":[{"count":4,"href":"https:\/\/www.fewo-mod.de\/index.php?rest_route=\/wp\/v2\/pages\/36\/revisions"}],"predecessor-version":[{"id":133,"href":"https:\/\/www.fewo-mod.de\/index.php?rest_route=\/wp\/v2\/pages\/36\/revisions\/133"}],"wp:attachment":[{"href":"https:\/\/www.fewo-mod.de\/index.php?rest_route=%2Fwp%2Fv2%2Fmedia&parent=36"}],"curies":[{"name":"wp","href":"https:\/\/api.w.org\/{rel}","templated":true}]}}