{"id":31,"date":"2020-03-31T00:15:15","date_gmt":"2020-03-30T22:15:15","guid":{"rendered":"https:\/\/www.fewo-mod.de\/?page_id=31"},"modified":"2020-03-31T00:15:15","modified_gmt":"2020-03-30T22:15:15","slug":"home","status":"publish","type":"page","link":"https:\/\/www.fewo-mod.de\/","title":{"rendered":"Home"},"content":{"rendered":"\n<p> Herzlich willkommen bei Familie Keller in&nbsp; Marktoberdorf&nbsp; \/ Ostallg\u00e4u. <\/p>\n\n\n\n<p> Auf unserer Webseite stellen wir Ihnen unsere Ferienwohnung im Herzen  des Ostallg\u00e4us vor. Ausf\u00fchrliche Informationen finden Sie unter den  jeweiligen Themen in der Men\u00fcleiste. <\/p>\n\n\n<p><!--EndFragment--><br \/><br \/><\/p>\n\n\n<p><\/p>\n","protected":false},"excerpt":{"rendered":"<p>Herzlich willkommen bei Familie Keller in&nbsp; Marktoberdorf&nbsp; \/ Ostallg\u00e4u. Auf unserer Webseite stellen wir Ihnen unsere Ferienwohnung im Herzen des Ostallg\u00e4us vor. Ausf\u00fchrliche Informationen finden Sie unter den jeweiligen Themen in der Men\u00fcleiste.<\/p>\n","protected":false},"author":1,"featured_media":0,"parent":0,"menu_order":0,"comment_status":"closed","ping_status":"closed","template":"","meta":{"footnotes":""},"class_list":["post-31","page","type-page","status-publish","hentry"],"_links":{"self":[{"href":"https:\/\/www.fewo-mod.de\/index.php?rest_route=\/wp\/v2\/pages\/31","targetHints":{"allow":["GET"]}}],"collection":[{"href":"https:\/\/www.fewo-mod.de\/index.php?rest_route=\/wp\/v2\/pages"}],"about":[{"href":"https:\/\/www.fewo-mod.de\/index.php?rest_route=\/wp\/v2\/types\/page"}],"author":[{"embeddable":true,"href":"https:\/\/www.fewo-mod.de\/index.php?rest_route=\/wp\/v2\/users\/1"}],"replies":[{"embeddable":true,"href":"https:\/\/www.fewo-mod.de\/index.php?rest_route=%2Fwp%2Fv2%2Fcomments&post=31"}],"version-history":[{"count":1,"href":"https:\/\/www.fewo-mod.de\/index.php?rest_route=\/wp\/v2\/pages\/31\/revisions"}],"predecessor-version":[{"id":32,"href":"https:\/\/www.fewo-mod.de\/index.php?rest_route=\/wp\/v2\/pages\/31\/revisions\/32"}],"wp:attachment":[{"href":"https:\/\/www.fewo-mod.de\/index.php?rest_route=%2Fwp%2Fv2%2Fmedia&parent=31"}],"curies":[{"name":"wp","href":"https:\/\/api.w.org\/{rel}","templated":true}]}}